{"id":2974,"date":"2024-02-28T09:37:42","date_gmt":"2024-02-28T07:37:42","guid":{"rendered":"https:\/\/steakhousegalle.fi\/lunch\/"},"modified":"2024-08-07T19:38:44","modified_gmt":"2024-08-07T16:38:44","slug":"lunch","status":"publish","type":"page","link":"https:\/\/steakhousegalle.fi\/en\/lunch\/","title":{"rendered":"Lunch"},"content":{"rendered":"\t\t<div data-elementor-type=\"wp-post\" data-elementor-id=\"2974\" class=\"elementor elementor-2974 elementor-256\" data-elementor-post-type=\"page\">\n\t\t\t\t\t\t<section class=\"elementor-section elementor-top-section elementor-element elementor-element-e61ac0f elementor-section-height-min-height elementor-section-boxed elementor-section-height-default elementor-section-items-middle\" data-id=\"e61ac0f\" data-element_type=\"section\" data-e-type=\"section\" data-settings=\"{&quot;background_background&quot;:&quot;classic&quot;}\">\n\t\t\t\t\t\t\t<div class=\"elementor-background-overlay\"><\/div>\n\t\t\t\t\t\t\t<div class=\"elementor-container elementor-column-gap-default\">\n\t\t\t\t\t<div class=\"elementor-column elementor-col-100 elementor-top-column elementor-element elementor-element-22c286c\" data-id=\"22c286c\" data-element_type=\"column\" data-e-type=\"column\">\n\t\t\t<div class=\"elementor-widget-wrap elementor-element-populated\">\n\t\t\t\t\t\t<div class=\"elementor-element elementor-element-8746ee8 elementor-widget elementor-widget-heading\" data-id=\"8746ee8\" data-element_type=\"widget\" data-e-type=\"widget\" data-widget_type=\"heading.default\">\n\t\t\t\t<div class=\"elementor-widget-container\">\n\t\t\t\t\t<h1 class=\"elementor-heading-title elementor-size-default\">Lunch<\/h1>\t\t\t\t<\/div>\n\t\t\t\t<\/div>\n\t\t\t\t\t<\/div>\n\t\t<\/div>\n\t\t\t\t\t<\/div>\n\t\t<\/section>\n\t\t\t\t<section class=\"elementor-section elementor-top-section elementor-element elementor-element-99d1d3c elementor-section-boxed elementor-section-height-default elementor-section-height-default\" data-id=\"99d1d3c\" data-element_type=\"section\" data-e-type=\"section\" data-settings=\"{&quot;background_background&quot;:&quot;classic&quot;}\">\n\t\t\t\t\t\t<div class=\"elementor-container elementor-column-gap-default\">\n\t\t\t\t\t<div class=\"elementor-column elementor-col-100 elementor-top-column elementor-element elementor-element-478594b\" data-id=\"478594b\" data-element_type=\"column\" data-e-type=\"column\" data-settings=\"{&quot;background_background&quot;:&quot;classic&quot;}\">\n\t\t\t<div class=\"elementor-widget-wrap elementor-element-populated\">\n\t\t\t\t\t\t<div class=\"elementor-element elementor-element-0a001df elementor-widget elementor-widget-text-editor\" data-id=\"0a001df\" data-element_type=\"widget\" data-e-type=\"widget\" data-widget_type=\"text-editor.default\">\n\t\t\t\t<div class=\"elementor-widget-container\">\n\t\t\t\t\t\t\t\t\t<p>Lunch is served From Monday to Friday between 11:00 and 14:00. <br \/>Prices include salad buffet and dessert<\/p>\n\t\t\t\t\t\t\t\t<\/div>\n\t\t\t\t<\/div>\n\t\t\t\t<div class=\"elementor-element elementor-element-e2e5613 elementor-widget elementor-widget-toolset-view\" data-id=\"e2e5613\" data-element_type=\"widget\" data-e-type=\"widget\" data-widget_type=\"toolset-view.default\">\n\t\t\t\t<div class=\"elementor-widget-container\">\n\t\t\t\t\t\n\n\n<div id=\"wpv-view-layout-244\" class=\"js-wpv-view-layout js-wpv-layout-responsive js-wpv-view-layout-244\" data-viewnumber=\"244\" data-pagination=\"{&quot;id&quot;:244,&quot;query&quot;:&quot;normal&quot;,&quot;type&quot;:&quot;disabled&quot;,&quot;effect&quot;:&quot;fade&quot;,&quot;duration&quot;:&quot;500&quot;,&quot;speed&quot;:&quot;5&quot;,&quot;pause_on_hover&quot;:&quot;disabled&quot;,&quot;stop_rollover&quot;:&quot;false&quot;,&quot;cache_pages&quot;:&quot;enabled&quot;,&quot;preload_images&quot;:&quot;enabled&quot;,&quot;preload_pages&quot;:&quot;enabled&quot;,&quot;preload_reach&quot;:&quot;1&quot;,&quot;spinner&quot;:&quot;builtin&quot;,&quot;spinner_image&quot;:&quot;https:\/\/steakhousegalle.fi.www32.zoner-asiakas.fi\/wp-content\/plugins\/wp-views\/embedded\/res\/img\/ajax-loader.gif&quot;,&quot;callback_next&quot;:&quot;&quot;,&quot;manage_history&quot;:&quot;enabled&quot;,&quot;has_controls_in_form&quot;:&quot;disabled&quot;,&quot;infinite_tolerance&quot;:&quot;0&quot;,&quot;max_pages&quot;:1,&quot;page&quot;:1,&quot;base_permalink&quot;:&quot;\/en\/wp-json\/wp\/v2\/pages\/2974?wpv_view_count=244&amp;wpv_paged=WPV_PAGE_NUM&quot;,&quot;loop&quot;:{&quot;type&quot;:&quot;&quot;,&quot;name&quot;:&quot;&quot;,&quot;data&quot;:[],&quot;id&quot;:0}}\" data-permalink=\"\/en\/wp-json\/wp\/v2\/pages\/2974?wpv_view_count=244\">\n\n\t\n\t\n\t\t<strong>Lounaslistaa ei l\u00f6ytynyt<\/strong>\n\t\n<\/div>\t\t\t\t<\/div>\n\t\t\t\t<\/div>\n\t\t\t\t\t<\/div>\n\t\t<\/div>\n\t\t\t\t\t<\/div>\n\t\t<\/section>\n\t\t\t\t<\/div>\n\t\t","protected":false},"excerpt":{"rendered":"<p>Lunch is served From Monday to Friday between 11:00 and 14:00. Prices include salad buffet and dessert Lounaslista 2 Viikko 32 Ma 5.8. Kreikan kanaa (L,G) 14,50\u20ac Pariloitua kanaa, fetajuustoa, Gallen oliiveja, tsatsikia ja paahtoperunaa. Cowboy h\u00e4rk\u00e4\u00e4 (L,G) 14,50\u20ac Ylikyps\u00e4\u00e4 h\u00e4rk\u00e4\u00e4, cowboy-risottoa, punasipuli-chilihilloketta ja paahdettuja kasviksia. Ti 6.8. H\u00e4rk\u00e4ruukku (L,G) 14,50\u20ac H\u00e4rk\u00e4ruukku Viskitalon tapaan, pariloituja &#8230; <a title=\"Lunch\" class=\"read-more\" href=\"https:\/\/steakhousegalle.fi\/en\/lunch\/\" aria-label=\"Read more about Lunch\">Read more<\/a><\/p>\n","protected":false},"author":1,"featured_media":2786,"parent":0,"menu_order":12,"comment_status":"closed","ping_status":"closed","template":"","meta":{"footnotes":""},"ravintola":[19],"class_list":{"0":"post-2974","1":"page","2":"type-page","3":"status-publish","4":"has-post-thumbnail","6":"ravintola-steakhouse"},"yoast_head":"<!-- This site is optimized with the Yoast SEO plugin v27.4 - https:\/\/yoast.com\/product\/yoast-seo-wordpress\/ -->\n<title>Lunch &#8211; Steak &amp; Whisky House Galle<\/title>\n<meta name=\"description\" content=\"Lunch is served From Monday to Friday between 11:00 and 14:00. Prices include salad buffet and dessert. There is allways also vegetarian and business lunch options available.\" \/>\n<meta name=\"robots\" content=\"index, follow, max-snippet:-1, max-image-preview:large, max-video-preview:-1\" \/>\n<link rel=\"canonical\" href=\"https:\/\/steakhousegalle.fi\/en\/lunch\/\" \/>\n<meta property=\"og:locale\" content=\"en_US\" \/>\n<meta property=\"og:type\" content=\"article\" \/>\n<meta property=\"og:title\" content=\"Lunch &#8211; Steak &amp; Whisky House Galle\" \/>\n<meta property=\"og:description\" content=\"Lunch is served From Monday to Friday between 11:00 and 14:00. Prices include salad buffet and dessert. There is allways also vegetarian and business lunch options available.\" \/>\n<meta property=\"og:url\" content=\"https:\/\/steakhousegalle.fi\/en\/lunch\/\" \/>\n<meta property=\"og:site_name\" content=\"Steak &amp; Whisky House Galle\" \/>\n<meta property=\"article:publisher\" content=\"https:\/\/www.facebook.com\/ravintolagalle\/\" \/>\n<meta property=\"article:modified_time\" content=\"2024-08-07T16:38:44+00:00\" \/>\n<meta property=\"og:image\" content=\"https:\/\/steakhousegalle.fi\/wp-content\/uploads\/2018\/06\/ravintola-01.jpg\" \/>\n\t<meta property=\"og:image:width\" content=\"2048\" \/>\n\t<meta property=\"og:image:height\" content=\"1365\" \/>\n\t<meta property=\"og:image:type\" content=\"image\/jpeg\" \/>\n<meta name=\"twitter:card\" content=\"summary_large_image\" \/>\n<meta name=\"twitter:label1\" content=\"Est. reading time\" \/>\n\t<meta name=\"twitter:data1\" content=\"1 minute\" \/>\n<script type=\"application\/ld+json\" class=\"yoast-schema-graph\">{\"@context\":\"https:\\\/\\\/schema.org\",\"@graph\":[{\"@type\":\"WebPage\",\"@id\":\"https:\\\/\\\/steakhousegalle.fi\\\/en\\\/lunch\\\/\",\"url\":\"https:\\\/\\\/steakhousegalle.fi\\\/en\\\/lunch\\\/\",\"name\":\"Lunch &#8211; Steak &amp; Whisky House Galle\",\"isPartOf\":{\"@id\":\"https:\\\/\\\/steakhousegalle.fi\\\/en\\\/#website\"},\"primaryImageOfPage\":{\"@id\":\"https:\\\/\\\/steakhousegalle.fi\\\/en\\\/lunch\\\/#primaryimage\"},\"image\":{\"@id\":\"https:\\\/\\\/steakhousegalle.fi\\\/en\\\/lunch\\\/#primaryimage\"},\"thumbnailUrl\":\"https:\\\/\\\/steakhousegalle.fi\\\/wp-content\\\/uploads\\\/2018\\\/06\\\/ravintola-01.jpg\",\"datePublished\":\"2024-02-28T07:37:42+00:00\",\"dateModified\":\"2024-08-07T16:38:44+00:00\",\"description\":\"Lunch is served From Monday to Friday between 11:00 and 14:00. Prices include salad buffet and dessert. There is allways also vegetarian and business lunch options available.\",\"breadcrumb\":{\"@id\":\"https:\\\/\\\/steakhousegalle.fi\\\/en\\\/lunch\\\/#breadcrumb\"},\"inLanguage\":\"en-US\",\"potentialAction\":[{\"@type\":\"ReadAction\",\"target\":[\"https:\\\/\\\/steakhousegalle.fi\\\/en\\\/lunch\\\/\"]}]},{\"@type\":\"ImageObject\",\"inLanguage\":\"en-US\",\"@id\":\"https:\\\/\\\/steakhousegalle.fi\\\/en\\\/lunch\\\/#primaryimage\",\"url\":\"https:\\\/\\\/steakhousegalle.fi\\\/wp-content\\\/uploads\\\/2018\\\/06\\\/ravintola-01.jpg\",\"contentUrl\":\"https:\\\/\\\/steakhousegalle.fi\\\/wp-content\\\/uploads\\\/2018\\\/06\\\/ravintola-01.jpg\",\"width\":2048,\"height\":1365},{\"@type\":\"BreadcrumbList\",\"@id\":\"https:\\\/\\\/steakhousegalle.fi\\\/en\\\/lunch\\\/#breadcrumb\",\"itemListElement\":[{\"@type\":\"ListItem\",\"position\":1,\"name\":\"Etusivu\",\"item\":\"https:\\\/\\\/steakhousegalle.fi\\\/en\\\/\"},{\"@type\":\"ListItem\",\"position\":2,\"name\":\"Lunch\"}]},{\"@type\":\"WebSite\",\"@id\":\"https:\\\/\\\/steakhousegalle.fi\\\/en\\\/#website\",\"url\":\"https:\\\/\\\/steakhousegalle.fi\\\/en\\\/\",\"name\":\"Steak &amp; Whisky House Galle\",\"description\":\"Nautiskelijoiden paratiisi Porissa\",\"publisher\":{\"@id\":\"https:\\\/\\\/steakhousegalle.fi\\\/en\\\/#organization\"},\"potentialAction\":[{\"@type\":\"SearchAction\",\"target\":{\"@type\":\"EntryPoint\",\"urlTemplate\":\"https:\\\/\\\/steakhousegalle.fi\\\/en\\\/?s={search_term_string}\"},\"query-input\":{\"@type\":\"PropertyValueSpecification\",\"valueRequired\":true,\"valueName\":\"search_term_string\"}}],\"inLanguage\":\"en-US\"},{\"@type\":\"Organization\",\"@id\":\"https:\\\/\\\/steakhousegalle.fi\\\/en\\\/#organization\",\"name\":\"Ravintola Galle\",\"url\":\"https:\\\/\\\/steakhousegalle.fi\\\/en\\\/\",\"logo\":{\"@type\":\"ImageObject\",\"inLanguage\":\"en-US\",\"@id\":\"https:\\\/\\\/steakhousegalle.fi\\\/en\\\/#\\\/schema\\\/logo\\\/image\\\/\",\"url\":\"https:\\\/\\\/steakhousegalle.fi\\\/wp-content\\\/uploads\\\/2022\\\/05\\\/Galle-Purple.svg\",\"contentUrl\":\"https:\\\/\\\/steakhousegalle.fi\\\/wp-content\\\/uploads\\\/2022\\\/05\\\/Galle-Purple.svg\",\"width\":205,\"height\":120,\"caption\":\"Ravintola Galle\"},\"image\":{\"@id\":\"https:\\\/\\\/steakhousegalle.fi\\\/en\\\/#\\\/schema\\\/logo\\\/image\\\/\"},\"sameAs\":[\"https:\\\/\\\/www.facebook.com\\\/ravintolagalle\\\/\",\"https:\\\/\\\/www.instagram.com\\\/ravintolagalle\\\/\",\"https:\\\/\\\/www.facebook.com\\\/bbqspirithousegalle\\\/\",\"https:\\\/\\\/www.instagram.com\\\/bbqspirithousegalle\\\/\"]}]}<\/script>\n<!-- \/ Yoast SEO plugin. -->","yoast_head_json":{"title":"Lunch &#8211; Steak &amp; Whisky House Galle","description":"Lunch is served From Monday to Friday between 11:00 and 14:00. Prices include salad buffet and dessert. There is allways also vegetarian and business lunch options available.","robots":{"index":"index","follow":"follow","max-snippet":"max-snippet:-1","max-image-preview":"max-image-preview:large","max-video-preview":"max-video-preview:-1"},"canonical":"https:\/\/steakhousegalle.fi\/en\/lunch\/","og_locale":"en_US","og_type":"article","og_title":"Lunch &#8211; Steak &amp; Whisky House Galle","og_description":"Lunch is served From Monday to Friday between 11:00 and 14:00. Prices include salad buffet and dessert. There is allways also vegetarian and business lunch options available.","og_url":"https:\/\/steakhousegalle.fi\/en\/lunch\/","og_site_name":"Steak &amp; Whisky House Galle","article_publisher":"https:\/\/www.facebook.com\/ravintolagalle\/","article_modified_time":"2024-08-07T16:38:44+00:00","og_image":[{"width":2048,"height":1365,"url":"https:\/\/steakhousegalle.fi\/wp-content\/uploads\/2018\/06\/ravintola-01.jpg","type":"image\/jpeg"}],"twitter_card":"summary_large_image","twitter_misc":{"Est. reading time":"1 minute"},"schema":{"@context":"https:\/\/schema.org","@graph":[{"@type":"WebPage","@id":"https:\/\/steakhousegalle.fi\/en\/lunch\/","url":"https:\/\/steakhousegalle.fi\/en\/lunch\/","name":"Lunch &#8211; Steak &amp; Whisky House Galle","isPartOf":{"@id":"https:\/\/steakhousegalle.fi\/en\/#website"},"primaryImageOfPage":{"@id":"https:\/\/steakhousegalle.fi\/en\/lunch\/#primaryimage"},"image":{"@id":"https:\/\/steakhousegalle.fi\/en\/lunch\/#primaryimage"},"thumbnailUrl":"https:\/\/steakhousegalle.fi\/wp-content\/uploads\/2018\/06\/ravintola-01.jpg","datePublished":"2024-02-28T07:37:42+00:00","dateModified":"2024-08-07T16:38:44+00:00","description":"Lunch is served From Monday to Friday between 11:00 and 14:00. Prices include salad buffet and dessert. There is allways also vegetarian and business lunch options available.","breadcrumb":{"@id":"https:\/\/steakhousegalle.fi\/en\/lunch\/#breadcrumb"},"inLanguage":"en-US","potentialAction":[{"@type":"ReadAction","target":["https:\/\/steakhousegalle.fi\/en\/lunch\/"]}]},{"@type":"ImageObject","inLanguage":"en-US","@id":"https:\/\/steakhousegalle.fi\/en\/lunch\/#primaryimage","url":"https:\/\/steakhousegalle.fi\/wp-content\/uploads\/2018\/06\/ravintola-01.jpg","contentUrl":"https:\/\/steakhousegalle.fi\/wp-content\/uploads\/2018\/06\/ravintola-01.jpg","width":2048,"height":1365},{"@type":"BreadcrumbList","@id":"https:\/\/steakhousegalle.fi\/en\/lunch\/#breadcrumb","itemListElement":[{"@type":"ListItem","position":1,"name":"Etusivu","item":"https:\/\/steakhousegalle.fi\/en\/"},{"@type":"ListItem","position":2,"name":"Lunch"}]},{"@type":"WebSite","@id":"https:\/\/steakhousegalle.fi\/en\/#website","url":"https:\/\/steakhousegalle.fi\/en\/","name":"Steak &amp; Whisky House Galle","description":"Nautiskelijoiden paratiisi Porissa","publisher":{"@id":"https:\/\/steakhousegalle.fi\/en\/#organization"},"potentialAction":[{"@type":"SearchAction","target":{"@type":"EntryPoint","urlTemplate":"https:\/\/steakhousegalle.fi\/en\/?s={search_term_string}"},"query-input":{"@type":"PropertyValueSpecification","valueRequired":true,"valueName":"search_term_string"}}],"inLanguage":"en-US"},{"@type":"Organization","@id":"https:\/\/steakhousegalle.fi\/en\/#organization","name":"Ravintola Galle","url":"https:\/\/steakhousegalle.fi\/en\/","logo":{"@type":"ImageObject","inLanguage":"en-US","@id":"https:\/\/steakhousegalle.fi\/en\/#\/schema\/logo\/image\/","url":"https:\/\/steakhousegalle.fi\/wp-content\/uploads\/2022\/05\/Galle-Purple.svg","contentUrl":"https:\/\/steakhousegalle.fi\/wp-content\/uploads\/2022\/05\/Galle-Purple.svg","width":205,"height":120,"caption":"Ravintola Galle"},"image":{"@id":"https:\/\/steakhousegalle.fi\/en\/#\/schema\/logo\/image\/"},"sameAs":["https:\/\/www.facebook.com\/ravintolagalle\/","https:\/\/www.instagram.com\/ravintolagalle\/","https:\/\/www.facebook.com\/bbqspirithousegalle\/","https:\/\/www.instagram.com\/bbqspirithousegalle\/"]}]}},"_links":{"self":[{"href":"https:\/\/steakhousegalle.fi\/en\/wp-json\/wp\/v2\/pages\/2974","targetHints":{"allow":["GET"]}}],"collection":[{"href":"https:\/\/steakhousegalle.fi\/en\/wp-json\/wp\/v2\/pages"}],"about":[{"href":"https:\/\/steakhousegalle.fi\/en\/wp-json\/wp\/v2\/types\/page"}],"author":[{"embeddable":true,"href":"https:\/\/steakhousegalle.fi\/en\/wp-json\/wp\/v2\/users\/1"}],"replies":[{"embeddable":true,"href":"https:\/\/steakhousegalle.fi\/en\/wp-json\/wp\/v2\/comments?post=2974"}],"version-history":[{"count":6,"href":"https:\/\/steakhousegalle.fi\/en\/wp-json\/wp\/v2\/pages\/2974\/revisions"}],"predecessor-version":[{"id":3272,"href":"https:\/\/steakhousegalle.fi\/en\/wp-json\/wp\/v2\/pages\/2974\/revisions\/3272"}],"wp:featuredmedia":[{"embeddable":true,"href":"https:\/\/steakhousegalle.fi\/en\/wp-json\/wp\/v2\/media\/2786"}],"wp:attachment":[{"href":"https:\/\/steakhousegalle.fi\/en\/wp-json\/wp\/v2\/media?parent=2974"}],"wp:term":[{"taxonomy":"ravintola","embeddable":true,"href":"https:\/\/steakhousegalle.fi\/en\/wp-json\/wp\/v2\/ravintola?post=2974"}],"curies":[{"name":"wp","href":"https:\/\/api.w.org\/{rel}","templated":true}]}}